{"id":184,"date":"2023-04-10T08:43:45","date_gmt":"2023-04-10T08:43:45","guid":{"rendered":"https:\/\/uus.evul.ee\/?page_id=184"},"modified":"2025-09-09T13:19:05","modified_gmt":"2025-09-09T13:19:05","slug":"liitu","status":"publish","type":"page","link":"https:\/\/evul.ee\/eng\/liitu\/","title":{"rendered":"Join"},"content":{"rendered":"\t\t<div data-elementor-type=\"wp-page\" data-elementor-id=\"184\" class=\"elementor elementor-184\" data-elementor-post-type=\"page\">\n\t\t\t\t\t\t<section class=\"elementor-section elementor-top-section elementor-element elementor-element-e81b7a5 elementor-section-boxed elementor-section-height-default elementor-section-height-default\" data-id=\"e81b7a5\" data-element_type=\"section\" data-e-type=\"section\">\n\t\t\t\t\t\t<div class=\"elementor-container elementor-column-gap-default\">\n\t\t\t\t\t<div class=\"elementor-column elementor-col-100 elementor-top-column elementor-element elementor-element-00ded2c\" data-id=\"00ded2c\" data-element_type=\"column\" data-e-type=\"column\">\n\t\t\t<div class=\"elementor-widget-wrap elementor-element-populated\">\n\t\t\t\t\t\t<div class=\"elementor-element elementor-element-216f037 elementor-widget elementor-widget-heading\" data-id=\"216f037\" data-element_type=\"widget\" data-e-type=\"widget\" data-widget_type=\"heading.default\">\n\t\t\t\t<div class=\"elementor-widget-container\">\n\t\t\t\t\t<h2 class=\"elementor-heading-title elementor-size-default\">Liitu<\/h2>\t\t\t\t<\/div>\n\t\t\t\t<\/div>\n\t\t\t\t<div class=\"elementor-element elementor-element-271e4ed elementor-widget-divider--view-line elementor-widget elementor-widget-divider\" data-id=\"271e4ed\" data-element_type=\"widget\" data-e-type=\"widget\" data-widget_type=\"divider.default\">\n\t\t\t\t<div class=\"elementor-widget-container\">\n\t\t\t\t\t\t\t<div class=\"elementor-divider\">\n\t\t\t<span class=\"elementor-divider-separator\">\n\t\t\t\t\t\t<\/span>\n\t\t<\/div>\n\t\t\t\t\t\t<\/div>\n\t\t\t\t<\/div>\n\t\t\t\t\t<\/div>\n\t\t<\/div>\n\t\t\t\t\t<\/div>\n\t\t<\/section>\n\t\t\t\t<section class=\"elementor-section elementor-top-section elementor-element elementor-element-faab33f elementor-section-boxed elementor-section-height-default elementor-section-height-default\" data-id=\"faab33f\" data-element_type=\"section\" data-e-type=\"section\">\n\t\t\t\t\t\t<div class=\"elementor-container elementor-column-gap-default\">\n\t\t\t\t\t<div class=\"elementor-column elementor-col-25 elementor-top-column elementor-element elementor-element-cab645c\" data-id=\"cab645c\" data-element_type=\"column\" data-e-type=\"column\">\n\t\t\t<div class=\"elementor-widget-wrap elementor-element-populated\">\n\t\t\t\t\t\t<div class=\"elementor-element elementor-element-277b586 elementor-widget elementor-widget-heading\" data-id=\"277b586\" data-element_type=\"widget\" data-e-type=\"widget\" data-widget_type=\"heading.default\">\n\t\t\t\t<div class=\"elementor-widget-container\">\n\t\t\t\t\t<h2 class=\"elementor-heading-title elementor-size-default\">V\u00f5ta meiega \u00fchendust<\/h2>\t\t\t\t<\/div>\n\t\t\t\t<\/div>\n\t\t\t\t<div class=\"elementor-element elementor-element-1551116 elementor-widget elementor-widget-heading\" data-id=\"1551116\" data-element_type=\"widget\" data-e-type=\"widget\" data-widget_type=\"heading.default\">\n\t\t\t\t<div class=\"elementor-widget-container\">\n\t\t\t\t\t<h3 class=\"elementor-heading-title elementor-size-default\"><b>Asutus:<\/b> Eesti V\u00f5lausaldajate Liit<\/h3>\t\t\t\t<\/div>\n\t\t\t\t<\/div>\n\t\t\t\t<div class=\"elementor-element elementor-element-bc37ea7 elementor-widget elementor-widget-heading\" data-id=\"bc37ea7\" data-element_type=\"widget\" data-e-type=\"widget\" data-widget_type=\"heading.default\">\n\t\t\t\t<div class=\"elementor-widget-container\">\n\t\t\t\t\t<h3 class=\"elementor-heading-title elementor-size-default\"><b> Aadress:<\/b> T\u00e4he 129b, 50113 Tartu<\/h3>\t\t\t\t<\/div>\n\t\t\t\t<\/div>\n\t\t\t\t<div class=\"elementor-element elementor-element-8398bcb elementor-widget elementor-widget-heading\" data-id=\"8398bcb\" data-element_type=\"widget\" data-e-type=\"widget\" data-widget_type=\"heading.default\">\n\t\t\t\t<div class=\"elementor-widget-container\">\n\t\t\t\t\t<h3 class=\"elementor-heading-title elementor-size-default\"><b>Telefon:<\/b> +372 504 5962<\/h3>\t\t\t\t<\/div>\n\t\t\t\t<\/div>\n\t\t\t\t<div class=\"elementor-element elementor-element-080406a elementor-widget elementor-widget-heading\" data-id=\"080406a\" data-element_type=\"widget\" data-e-type=\"widget\" data-widget_type=\"heading.default\">\n\t\t\t\t<div class=\"elementor-widget-container\">\n\t\t\t\t\t<h3 class=\"elementor-heading-title elementor-size-default\"><b>Email:<\/b> info@evul.ee<\/h3>\t\t\t\t<\/div>\n\t\t\t\t<\/div>\n\t\t\t\t<div class=\"elementor-element elementor-element-efeb0c1 elementor-shape-circle e-grid-align-left e-grid-align-tablet-left elementor-grid-0 elementor-widget elementor-widget-social-icons\" data-id=\"efeb0c1\" data-element_type=\"widget\" data-e-type=\"widget\" data-widget_type=\"social-icons.default\">\n\t\t\t\t<div class=\"elementor-widget-container\">\n\t\t\t\t\t\t\t<div class=\"elementor-social-icons-wrapper elementor-grid\" role=\"list\">\n\t\t\t\t\t\t\t<span class=\"elementor-grid-item\" role=\"listitem\">\n\t\t\t\t\t<a class=\"elementor-icon elementor-social-icon elementor-social-icon-linkedin-in elementor-repeater-item-63f86db\" href=\"https:\/\/www.linkedin.com\/company\/mt%C3%BC-eesti-v%C3%B5lausaldajate-liit\/\" target=\"_blank\" title=\"LinkedIn\">\n\t\t\t\t\t\t<span class=\"elementor-screen-only\">Linkedin-in<\/span>\n\t\t\t\t\t\t<i aria-hidden=\"true\" class=\"fab fa-linkedin-in\"><\/i>\t\t\t\t\t<\/a>\n\t\t\t\t<\/span>\n\t\t\t\t\t\t\t<span class=\"elementor-grid-item\" role=\"listitem\">\n\t\t\t\t\t<a class=\"elementor-icon elementor-social-icon elementor-social-icon-facebook-f elementor-repeater-item-c0163ab\" href=\"https:\/\/www.facebook.com\/eestivolausaldajateliit\" target=\"_blank\" title=\"Facebook\">\n\t\t\t\t\t\t<span class=\"elementor-screen-only\">Facebook-f<\/span>\n\t\t\t\t\t\t<i aria-hidden=\"true\" class=\"fab fa-facebook-f\"><\/i>\t\t\t\t\t<\/a>\n\t\t\t\t<\/span>\n\t\t\t\t\t\t\t<span class=\"elementor-grid-item\" role=\"listitem\">\n\t\t\t\t\t<a class=\"elementor-icon elementor-social-icon elementor-social-icon- elementor-repeater-item-310ab07\" href=\"https:\/\/ssb.ee\/80389816-EESTI-VOLAUSALDAJATE-LIIT-MTU\/meedia-arvamuslood\" target=\"_blank\" title=\"Scorestorybook\">\n\t\t\t\t\t\t<span class=\"elementor-screen-only\"><\/span>\n\t\t\t\t\t\t<svg xmlns:inkscape=\"http:\/\/www.inkscape.org\/namespaces\/inkscape\" xmlns:sodipodi=\"http:\/\/sodipodi.sourceforge.net\/DTD\/sodipodi-0.dtd\" xmlns=\"http:\/\/www.w3.org\/2000\/svg\" xmlns:svg=\"http:\/\/www.w3.org\/2000\/svg\" id=\"svg2\" width=\"136.82693\" height=\"208.30276\" viewBox=\"0 0 136.82694 208.30276\" sodipodi:docname=\"Score_Storybook_logo.png\" inkscape:export-filename=\"svg_storybook.svg\" inkscape:export-xdpi=\"96\" inkscape:export-ydpi=\"96\"><defs id=\"defs6\"><\/defs><g inkscape:groupmode=\"layer\" inkscape:label=\"Image\" id=\"g8\"><g id=\"g1445\" transform=\"translate(-85.661197,-78.422005)\" inkscape:export-filename=\"g1445.png\" inkscape:export-xdpi=\"96\" inkscape:export-ydpi=\"96\" style=\"fill:#ffffff\"><path id=\"path534\" style=\"fill:#ffffff;stroke-width:1.03881\" d=\"m 109.35103,101.85347 a 80,80 0 0 0 1e-5,113.13708 L 222.48813,101.85347 a 80,80 0 0 0 -113.1371,0 z\"><\/path><path id=\"path534-8\" style=\"fill:#ffffff;stroke-width:1.03881\" d=\"m 198.7983,263.29331 a 80,80 0 0 0 -1e-5,-113.13708 L 85.661197,263.29331 a 80,80 0 0 0 113.137103,0 z\"><\/path><\/g><\/g><\/svg>\t\t\t\t\t<\/a>\n\t\t\t\t<\/span>\n\t\t\t\t\t<\/div>\n\t\t\t\t\t\t<\/div>\n\t\t\t\t<\/div>\n\t\t\t\t<div class=\"elementor-element elementor-element-4af0de0 elementor-widget elementor-widget-google_maps\" data-id=\"4af0de0\" data-element_type=\"widget\" data-e-type=\"widget\" data-widget_type=\"google_maps.default\">\n\t\t\t\t<div class=\"elementor-widget-container\">\n\t\t\t\t\t\t\t<div class=\"elementor-custom-embed\">\n\t\t\t<iframe loading=\"lazy\"\n\t\t\t\t\tsrc=\"https:\/\/maps.google.com\/maps?q=T%C3%A4he%20129b%2C%2050113&#038;t=m&#038;z=13&#038;output=embed&#038;iwloc=near\"\n\t\t\t\t\ttitle=\"T\u00e4he 129b, 50113\"\n\t\t\t\t\taria-label=\"T\u00e4he 129b, 50113\"\n\t\t\t><\/iframe>\n\t\t<\/div>\n\t\t\t\t\t\t<\/div>\n\t\t\t\t<\/div>\n\t\t\t\t\t<\/div>\n\t\t<\/div>\n\t\t\t\t<div class=\"elementor-column elementor-col-25 elementor-top-column elementor-element elementor-element-a3cb31a\" data-id=\"a3cb31a\" data-element_type=\"column\" data-e-type=\"column\">\n\t\t\t<div class=\"elementor-widget-wrap elementor-element-populated\">\n\t\t\t\t\t\t<div class=\"elementor-element elementor-element-168be12 elementor-hidden-desktop elementor-widget-divider--view-line elementor-widget elementor-widget-divider\" data-id=\"168be12\" data-element_type=\"widget\" data-e-type=\"widget\" data-widget_type=\"divider.default\">\n\t\t\t\t<div class=\"elementor-widget-container\">\n\t\t\t\t\t\t\t<div class=\"elementor-divider\">\n\t\t\t<span class=\"elementor-divider-separator\">\n\t\t\t\t\t\t<\/span>\n\t\t<\/div>\n\t\t\t\t\t\t<\/div>\n\t\t\t\t<\/div>\n\t\t\t\t\t<\/div>\n\t\t<\/div>\n\t\t\t\t<div class=\"elementor-column elementor-col-25 elementor-top-column elementor-element elementor-element-e97cafb elementor-hidden-tablet elementor-hidden-mobile\" data-id=\"e97cafb\" data-element_type=\"column\" data-e-type=\"column\">\n\t\t\t<div class=\"elementor-widget-wrap elementor-element-populated\">\n\t\t\t\t\t\t<div class=\"elementor-element elementor-element-b3394c0 e-transform e-transform e-transform elementor-widget-divider--view-line elementor-widget elementor-widget-divider\" data-id=\"b3394c0\" data-element_type=\"widget\" data-e-type=\"widget\" data-settings=\"{&quot;_transform_translateX_effect&quot;:{&quot;unit&quot;:&quot;px&quot;,&quot;size&quot;:230,&quot;sizes&quot;:[]},&quot;_transform_translateY_effect&quot;:{&quot;unit&quot;:&quot;px&quot;,&quot;size&quot;:197,&quot;sizes&quot;:[]},&quot;_transform_flipX_effect&quot;:&quot;transform&quot;,&quot;_transform_flipY_effect&quot;:&quot;transform&quot;,&quot;_transform_translateX_effect_tablet_extra&quot;:{&quot;unit&quot;:&quot;px&quot;,&quot;size&quot;:&quot;&quot;,&quot;sizes&quot;:[]},&quot;_transform_translateX_effect_tablet&quot;:{&quot;unit&quot;:&quot;px&quot;,&quot;size&quot;:&quot;&quot;,&quot;sizes&quot;:[]},&quot;_transform_translateX_effect_mobile_extra&quot;:{&quot;unit&quot;:&quot;px&quot;,&quot;size&quot;:&quot;&quot;,&quot;sizes&quot;:[]},&quot;_transform_translateX_effect_mobile&quot;:{&quot;unit&quot;:&quot;px&quot;,&quot;size&quot;:&quot;&quot;,&quot;sizes&quot;:[]},&quot;_transform_translateY_effect_tablet_extra&quot;:{&quot;unit&quot;:&quot;px&quot;,&quot;size&quot;:&quot;&quot;,&quot;sizes&quot;:[]},&quot;_transform_translateY_effect_tablet&quot;:{&quot;unit&quot;:&quot;px&quot;,&quot;size&quot;:&quot;&quot;,&quot;sizes&quot;:[]},&quot;_transform_translateY_effect_mobile_extra&quot;:{&quot;unit&quot;:&quot;px&quot;,&quot;size&quot;:&quot;&quot;,&quot;sizes&quot;:[]},&quot;_transform_translateY_effect_mobile&quot;:{&quot;unit&quot;:&quot;px&quot;,&quot;size&quot;:&quot;&quot;,&quot;sizes&quot;:[]}}\" data-widget_type=\"divider.default\">\n\t\t\t\t<div class=\"elementor-widget-container\">\n\t\t\t\t\t\t\t<div class=\"elementor-divider\">\n\t\t\t<span class=\"elementor-divider-separator\">\n\t\t\t\t\t\t<\/span>\n\t\t<\/div>\n\t\t\t\t\t\t<\/div>\n\t\t\t\t<\/div>\n\t\t\t\t\t<\/div>\n\t\t<\/div>\n\t\t\t\t<div class=\"elementor-column elementor-col-25 elementor-top-column elementor-element elementor-element-89b0d9d\" data-id=\"89b0d9d\" data-element_type=\"column\" data-e-type=\"column\" data-settings=\"{&quot;background_background&quot;:&quot;classic&quot;}\">\n\t\t\t<div class=\"elementor-widget-wrap elementor-element-populated\">\n\t\t\t\t\t\t<div class=\"elementor-element elementor-element-277e9df elementor-widget elementor-widget-heading\" data-id=\"277e9df\" data-element_type=\"widget\" data-e-type=\"widget\" data-widget_type=\"heading.default\">\n\t\t\t\t<div class=\"elementor-widget-container\">\n\t\t\t\t\t<h3 class=\"elementor-heading-title elementor-size-default\">Liitumisavaldus<\/h3>\t\t\t\t<\/div>\n\t\t\t\t<\/div>\n\t\t\t\t<div class=\"elementor-element elementor-element-064c86c elementor-widget elementor-widget-shortcode\" data-id=\"064c86c\" data-element_type=\"widget\" data-e-type=\"widget\" data-widget_type=\"shortcode.default\">\n\t\t\t\t<div class=\"elementor-widget-container\">\n\t\t\t\t\t\t\t<div class=\"elementor-shortcode\"><style id=\"wpforms-css-vars-5833\">\n\t\t\t\t#wpforms-5833 {\n\t\t\t\t--wpforms-container-padding: 0px;\n--wpforms-container-border-width: 1px;\n--wpforms-container-border-radius: 3px;\n--wpforms-background-color: rgba(0, 0, 0, 0);\n--wpforms-field-size-input-height: 43px;\n--wpforms-field-size-input-spacing: 15px;\n--wpforms-field-size-font-size: 16px;\n--wpforms-field-size-line-height: 19px;\n--wpforms-field-size-padding-h: 14px;\n--wpforms-field-size-checkbox-size: 16px;\n--wpforms-field-size-sublabel-spacing: 5px;\n--wpforms-field-size-icon-size: 1;\n--wpforms-label-size-font-size: 16px;\n--wpforms-label-size-line-height: 19px;\n--wpforms-label-size-sublabel-font-size: 14px;\n--wpforms-label-size-sublabel-line-height: 17px;\n--wpforms-button-size-font-size: 17px;\n--wpforms-button-size-height: 41px;\n--wpforms-button-size-padding-h: 15px;\n--wpforms-button-size-margin-top: 10px;\n--wpforms-container-shadow-size-box-shadow: none;\n\t\t\t}\n\t\t\t<\/style><div class=\"wpforms-container wpforms-container-full wpforms-render-modern\" id=\"wpforms-5833\"><form id=\"wpforms-form-5833\" class=\"wpforms-validate wpforms-form wpforms-ajax-form\" data-formid=\"5833\" method=\"post\" enctype=\"multipart\/form-data\" action=\"\/eng\/wp-json\/wp\/v2\/pages\/184\" data-token=\"315ce8a48580f9dd3e27dc4fc68778f6\" data-token-time=\"1776922818\"><noscript class=\"wpforms-error-noscript\">Please enable JavaScript in your browser to complete this form.<\/noscript><div id=\"wpforms-error-noscript\" style=\"display: none;\">Please enable JavaScript in your browser to complete this form.<\/div><div class=\"wpforms-field-container\">\t\t<div id=\"wpforms-5833-field_1-container\"\n\t\t\tclass=\"wpforms-field wpforms-field-text\"\n\t\t\tdata-field-type=\"text\"\n\t\t\tdata-field-id=\"1\"\n\t\t\t>\n\t\t\t<label class=\"wpforms-field-label\" for=\"wpforms-5833-field_1\" >nimi Ettev\u00f5tte Name<\/label>\n\t\t\t<input type=\"text\" id=\"wpforms-5833-field_1\" class=\"wpforms-field-medium\" name=\"wpforms[fields][1]\" >\n\t\t<\/div>\n\t\t<div id=\"wpforms-5833-field_10-container\" class=\"wpforms-field wpforms-field-name wpforms-one-half wpforms-first\" data-field-id=\"10\"><label class=\"wpforms-field-label wpforms-label-hide\" for=\"wpforms-5833-field_10\" aria-hidden=\"false\">Name <span class=\"wpforms-required-label\" aria-hidden=\"true\">*<\/span><\/label><input type=\"text\" id=\"wpforms-5833-field_10\" class=\"wpforms-field-large wpforms-field-required\" name=\"wpforms[fields][10]\" placeholder=\"Teie nimi\" aria-errormessage=\"wpforms-5833-field_10-error\" required><\/div><div id=\"wpforms-5833-field_2-container\" class=\"wpforms-field wpforms-field-text wpforms-one-half\" data-field-id=\"2\"><label class=\"wpforms-field-label wpforms-label-hide\" for=\"wpforms-5833-field_2\" aria-hidden=\"false\">Telefon <span class=\"wpforms-required-label\" aria-hidden=\"true\">*<\/span><\/label><input type=\"text\" id=\"wpforms-5833-field_2\" class=\"wpforms-field-large wpforms-field-required\" name=\"wpforms[fields][2]\" placeholder=\"Teie telefoni number\" aria-errormessage=\"wpforms-5833-field_2-error\" required><\/div><div id=\"wpforms-5833-field_3-container\" class=\"wpforms-field wpforms-field-text\" data-field-id=\"3\"><label class=\"wpforms-field-label wpforms-label-hide\" for=\"wpforms-5833-field_3\" aria-hidden=\"false\">Ettev\u00f5tte nimi <span class=\"wpforms-required-label\" aria-hidden=\"true\">*<\/span><\/label><input type=\"text\" id=\"wpforms-5833-field_3\" class=\"wpforms-field-large wpforms-field-required\" name=\"wpforms[fields][3]\" placeholder=\"Ettev\u00f5tte nimi\" aria-errormessage=\"wpforms-5833-field_3-error\" required><\/div><div id=\"wpforms-5833-field_9-container\" class=\"wpforms-field wpforms-field-email\" data-field-id=\"9\"><label class=\"wpforms-field-label wpforms-label-hide\" for=\"wpforms-5833-field_9\" aria-hidden=\"false\">Email <span class=\"wpforms-required-label\" aria-hidden=\"true\">*<\/span><\/label><input type=\"email\" id=\"wpforms-5833-field_9\" class=\"wpforms-field-large wpforms-field-required\" name=\"wpforms[fields][9]\" placeholder=\"Teie e-postiaadress\" spellcheck=\"false\" aria-errormessage=\"wpforms-5833-field_9-error\" required><\/div><div id=\"wpforms-5833-field_5-container\" class=\"wpforms-field wpforms-field-text\" data-field-id=\"5\"><label class=\"wpforms-field-label wpforms-label-hide\" for=\"wpforms-5833-field_5\" aria-hidden=\"false\">Pealkiri <span class=\"wpforms-required-label\" aria-hidden=\"true\">*<\/span><\/label><input type=\"text\" id=\"wpforms-5833-field_5\" class=\"wpforms-field-large wpforms-field-required\" name=\"wpforms[fields][5]\" placeholder=\"Pealkiri\" aria-errormessage=\"wpforms-5833-field_5-error\" required><\/div><div id=\"wpforms-5833-field_7-container\" class=\"wpforms-field wpforms-field-textarea\" data-field-id=\"7\"><label class=\"wpforms-field-label wpforms-label-hide\" for=\"wpforms-5833-field_7\" aria-hidden=\"false\">S\u00f5num <span class=\"wpforms-required-label\" aria-hidden=\"true\">*<\/span><\/label><textarea id=\"wpforms-5833-field_7\" class=\"wpforms-field-large wpforms-field-required\" name=\"wpforms[fields][7]\" placeholder=\"S\u00f5num\" aria-errormessage=\"wpforms-5833-field_7-error\" required><\/textarea><\/div><div id=\"wpforms-5833-field_8-container\" class=\"wpforms-field wpforms-field-radio\" data-field-id=\"8\"><fieldset><legend class=\"wpforms-field-label wpforms-label-hide\" aria-hidden=\"false\">Kas n\u00f5ustus tingimustega <span class=\"wpforms-required-label\" aria-hidden=\"true\">*<\/span><\/legend><ul id=\"wpforms-5833-field_8\" class=\"wpforms-field-required\"><li class=\"choice-1 depth-1\"><input type=\"radio\" id=\"wpforms-5833-field_8_1\" name=\"wpforms[fields][8]\" value=\"Olen n\u00f5us &lt;a href=&quot;#&quot; style=&quot;color: #0070BC;&quot;&gt;privaatsuspoliitikaga&lt;\/a&gt;\" aria-errormessage=\"wpforms-5833-field_8_1-error\" required ><label class=\"wpforms-field-label-inline\" for=\"wpforms-5833-field_8_1\">Olen n\u00f5us <a href=\"#\" style=\"color: #0070BC\">privaatsuspoliitikaga<\/a><\/label><\/li><\/ul><\/fieldset><\/div><script>\n\t\t\t\t( function() {\n\t\t\t\t\tconst style = document.createElement( 'style' );\n\t\t\t\t\tstyle.appendChild( document.createTextNode( '#wpforms-5833-field_1-container { position: absolute !important; overflow: hidden !important; display: inline !important; height: 1px !important; width: 1px !important; z-index: -1000 !important; padding: 0 !important; } #wpforms-5833-field_1-container input { visibility: hidden; } #wpforms-conversational-form-page #wpforms-5833-field_1-container label { counter-increment: none; }' ) );\n\t\t\t\t\tdocument.head.appendChild( style );\n\t\t\t\t\tdocument.currentScript?.remove();\n\t\t\t\t} )();\n\t\t\t<\/script><\/div><!-- .wpforms-field-container --><div class=\"wpforms-submit-container\" ><input type=\"hidden\" name=\"wpforms[id]\" value=\"5833\"><input type=\"hidden\" name=\"page_title\" value=\"\"><input type=\"hidden\" name=\"page_url\" value=\"https:\/\/evul.ee\/eng\/wp-json\/wp\/v2\/pages\/184\"><input type=\"hidden\" name=\"url_referer\" value=\"\"><button type=\"submit\" name=\"wpforms[submit]\" id=\"wpforms-submit-5833\" class=\"wpforms-submit\" data-alt-text=\"Saadan...\" data-submit-text=\"Saada\" aria-live=\"assertive\" value=\"wpforms-submit\">Saada<\/button><img decoding=\"async\" src=\"https:\/\/evul.ee\/wp-content\/plugins\/wpforms-lite\/assets\/images\/submit-spin.svg\" class=\"wpforms-submit-spinner\" style=\"display: none;\" width=\"26\" height=\"26\" alt=\"Loading\"><\/div><\/form><\/div>  <!-- .wpforms-container --><\/div>\n\t\t\t\t\t\t<\/div>\n\t\t\t\t<\/div>\n\t\t\t\t\t<\/div>\n\t\t<\/div>\n\t\t\t\t\t<\/div>\n\t\t<\/section>\n\t\t\t\t<\/div>\n\t\t","protected":false},"excerpt":{"rendered":"<p>Liitu V\u00f5ta meiega \u00fchendust Asutus: Eesti V\u00f5lausaldajate Liit Aadress: T\u00e4he 129b, 50113 Tartu Telefon: +372 504 5962 Email: info@evul.ee Linkedin-in Facebook-f Liitumisavaldus<\/p>","protected":false},"author":3,"featured_media":0,"parent":0,"menu_order":0,"comment_status":"closed","ping_status":"closed","template":"","meta":{"footnotes":""},"class_list":["post-184","page","type-page","status-publish","hentry"],"yoast_head":"<!-- This site is optimized with the Yoast SEO plugin v27.4 - https:\/\/yoast.com\/product\/yoast-seo-wordpress\/ -->\n<title>Liitu Eesti V\u00f5lausaldajate Liiduga - Evul.ee<\/title>\n<meta name=\"description\" content=\"Liitu Eesti V\u00f5lausaldajate Liiduga ja kaitse oma ettev\u00f5tte huve. Saa osa seadusloome protsessidest, v\u00e4\u00e4rtuslikust siseinformatsioonist ja toeta ausat \u00e4rikeskkonda. T\u00e4ida liitumisvorm juba t\u00e4na!\" \/>\n<meta name=\"robots\" content=\"index, follow, max-snippet:-1, max-image-preview:large, max-video-preview:-1\" \/>\n<link rel=\"canonical\" href=\"https:\/\/evul.ee\/eng\/liitu\/\" \/>\n<meta property=\"og:locale\" content=\"en_US\" \/>\n<meta property=\"og:type\" content=\"article\" \/>\n<meta property=\"og:title\" content=\"Liitu Eesti V\u00f5lausaldajate Liiduga - Evul.ee\" \/>\n<meta property=\"og:description\" content=\"Liitu Eesti V\u00f5lausaldajate Liiduga ja kaitse oma ettev\u00f5tte huve. Saa osa seadusloome protsessidest, v\u00e4\u00e4rtuslikust siseinformatsioonist ja toeta ausat \u00e4rikeskkonda. T\u00e4ida liitumisvorm juba t\u00e4na!\" \/>\n<meta property=\"og:url\" content=\"https:\/\/evul.ee\/eng\/liitu\/\" \/>\n<meta property=\"og:site_name\" content=\"Evul.ee\" \/>\n<meta property=\"article:modified_time\" content=\"2025-09-09T13:19:05+00:00\" \/>\n<meta property=\"og:image\" content=\"https:\/\/evul.ee\/wp-content\/uploads\/2024\/07\/evul-logo-tume-taust-2.jpg\" \/>\n\t<meta property=\"og:image:width\" content=\"960\" \/>\n\t<meta property=\"og:image:height\" content=\"960\" \/>\n\t<meta property=\"og:image:type\" content=\"image\/jpeg\" \/>\n<meta name=\"twitter:card\" content=\"summary_large_image\" \/>\n<meta name=\"twitter:label1\" content=\"Est. reading time\" \/>\n\t<meta name=\"twitter:data1\" content=\"1 minute\" \/>\n<script type=\"application\/ld+json\" class=\"yoast-schema-graph\">{\"@context\":\"https:\\\/\\\/schema.org\",\"@graph\":[{\"@type\":\"WebPage\",\"@id\":\"https:\\\/\\\/evul.ee\\\/liitu\\\/\",\"url\":\"https:\\\/\\\/evul.ee\\\/liitu\\\/\",\"name\":\"Liitu Eesti V\u00f5lausaldajate Liiduga - Evul.ee\",\"isPartOf\":{\"@id\":\"https:\\\/\\\/evul.ee\\\/#website\"},\"datePublished\":\"2023-04-10T08:43:45+00:00\",\"dateModified\":\"2025-09-09T13:19:05+00:00\",\"description\":\"Liitu Eesti V\u00f5lausaldajate Liiduga ja kaitse oma ettev\u00f5tte huve. Saa osa seadusloome protsessidest, v\u00e4\u00e4rtuslikust siseinformatsioonist ja toeta ausat \u00e4rikeskkonda. T\u00e4ida liitumisvorm juba t\u00e4na!\",\"breadcrumb\":{\"@id\":\"https:\\\/\\\/evul.ee\\\/liitu\\\/#breadcrumb\"},\"inLanguage\":\"en-US\",\"potentialAction\":[{\"@type\":\"ReadAction\",\"target\":[\"https:\\\/\\\/evul.ee\\\/liitu\\\/\"]}]},{\"@type\":\"BreadcrumbList\",\"@id\":\"https:\\\/\\\/evul.ee\\\/liitu\\\/#breadcrumb\",\"itemListElement\":[{\"@type\":\"ListItem\",\"position\":1,\"name\":\"Home\",\"item\":\"https:\\\/\\\/evul.ee\\\/\"},{\"@type\":\"ListItem\",\"position\":2,\"name\":\"Liitu\"}]},{\"@type\":\"WebSite\",\"@id\":\"https:\\\/\\\/evul.ee\\\/#website\",\"url\":\"https:\\\/\\\/evul.ee\\\/\",\"name\":\"Evul.ee\",\"description\":\"\",\"potentialAction\":[{\"@type\":\"SearchAction\",\"target\":{\"@type\":\"EntryPoint\",\"urlTemplate\":\"https:\\\/\\\/evul.ee\\\/?s={search_term_string}\"},\"query-input\":{\"@type\":\"PropertyValueSpecification\",\"valueRequired\":true,\"valueName\":\"search_term_string\"}}],\"inLanguage\":\"en-US\"}]}<\/script>\n<!-- \/ Yoast SEO plugin. -->","yoast_head_json":{"title":"Liitu Eesti V\u00f5lausaldajate Liiduga - Evul.ee","description":"Liitu Eesti V\u00f5lausaldajate Liiduga ja kaitse oma ettev\u00f5tte huve. Saa osa seadusloome protsessidest, v\u00e4\u00e4rtuslikust siseinformatsioonist ja toeta ausat \u00e4rikeskkonda. T\u00e4ida liitumisvorm juba t\u00e4na!","robots":{"index":"index","follow":"follow","max-snippet":"max-snippet:-1","max-image-preview":"max-image-preview:large","max-video-preview":"max-video-preview:-1"},"canonical":"https:\/\/evul.ee\/eng\/liitu\/","og_locale":"en_US","og_type":"article","og_title":"Liitu Eesti V\u00f5lausaldajate Liiduga - Evul.ee","og_description":"Liitu Eesti V\u00f5lausaldajate Liiduga ja kaitse oma ettev\u00f5tte huve. Saa osa seadusloome protsessidest, v\u00e4\u00e4rtuslikust siseinformatsioonist ja toeta ausat \u00e4rikeskkonda. T\u00e4ida liitumisvorm juba t\u00e4na!","og_url":"https:\/\/evul.ee\/eng\/liitu\/","og_site_name":"Evul.ee","article_modified_time":"2025-09-09T13:19:05+00:00","og_image":[{"width":960,"height":960,"url":"https:\/\/evul.ee\/wp-content\/uploads\/2024\/07\/evul-logo-tume-taust-2.jpg","type":"image\/jpeg"}],"twitter_card":"summary_large_image","twitter_misc":{"Est. reading time":"1 minute"},"schema":{"@context":"https:\/\/schema.org","@graph":[{"@type":"WebPage","@id":"https:\/\/evul.ee\/liitu\/","url":"https:\/\/evul.ee\/liitu\/","name":"Liitu Eesti V\u00f5lausaldajate Liiduga - Evul.ee","isPartOf":{"@id":"https:\/\/evul.ee\/#website"},"datePublished":"2023-04-10T08:43:45+00:00","dateModified":"2025-09-09T13:19:05+00:00","description":"Liitu Eesti V\u00f5lausaldajate Liiduga ja kaitse oma ettev\u00f5tte huve. Saa osa seadusloome protsessidest, v\u00e4\u00e4rtuslikust siseinformatsioonist ja toeta ausat \u00e4rikeskkonda. T\u00e4ida liitumisvorm juba t\u00e4na!","breadcrumb":{"@id":"https:\/\/evul.ee\/liitu\/#breadcrumb"},"inLanguage":"en-US","potentialAction":[{"@type":"ReadAction","target":["https:\/\/evul.ee\/liitu\/"]}]},{"@type":"BreadcrumbList","@id":"https:\/\/evul.ee\/liitu\/#breadcrumb","itemListElement":[{"@type":"ListItem","position":1,"name":"Home","item":"https:\/\/evul.ee\/"},{"@type":"ListItem","position":2,"name":"Liitu"}]},{"@type":"WebSite","@id":"https:\/\/evul.ee\/#website","url":"https:\/\/evul.ee\/","name":"Evul.ee","description":"","potentialAction":[{"@type":"SearchAction","target":{"@type":"EntryPoint","urlTemplate":"https:\/\/evul.ee\/?s={search_term_string}"},"query-input":{"@type":"PropertyValueSpecification","valueRequired":true,"valueName":"search_term_string"}}],"inLanguage":"en-US"}]}},"_links":{"self":[{"href":"https:\/\/evul.ee\/eng\/wp-json\/wp\/v2\/pages\/184","targetHints":{"allow":["GET"]}}],"collection":[{"href":"https:\/\/evul.ee\/eng\/wp-json\/wp\/v2\/pages"}],"about":[{"href":"https:\/\/evul.ee\/eng\/wp-json\/wp\/v2\/types\/page"}],"author":[{"embeddable":true,"href":"https:\/\/evul.ee\/eng\/wp-json\/wp\/v2\/users\/3"}],"replies":[{"embeddable":true,"href":"https:\/\/evul.ee\/eng\/wp-json\/wp\/v2\/comments?post=184"}],"version-history":[{"count":3,"href":"https:\/\/evul.ee\/eng\/wp-json\/wp\/v2\/pages\/184\/revisions"}],"predecessor-version":[{"id":5863,"href":"https:\/\/evul.ee\/eng\/wp-json\/wp\/v2\/pages\/184\/revisions\/5863"}],"wp:attachment":[{"href":"https:\/\/evul.ee\/eng\/wp-json\/wp\/v2\/media?parent=184"}],"curies":[{"name":"wp","href":"https:\/\/api.w.org\/{rel}","templated":true}]}}